{"id":5277,"date":"2022-03-17T12:10:29","date_gmt":"2022-03-17T11:10:29","guid":{"rendered":"https:\/\/sapekahomes.cz\/obchodni-podminky\/"},"modified":"2022-03-17T12:10:29","modified_gmt":"2022-03-17T11:10:29","slug":"obchodni-podminky","status":"publish","type":"page","link":"https:\/\/sapekahomes.cz\/en\/obchodni-podminky\/","title":{"rendered":"Obchodn\u00ed podm\u00ednky"},"content":{"rendered":"<h1>V\u0161eobecn\u00e9 obchodn\u00ed podm\u00ednky<\/h1>\n<p>&nbsp;<\/p>\n","protected":false},"excerpt":{"rendered":"<p>V\u0161eobecn\u00e9 obchodn\u00ed podm\u00ednky &nbsp;<\/p>\n","protected":false},"author":1,"featured_media":0,"parent":0,"menu_order":65,"comment_status":"closed","ping_status":"closed","template":"","meta":{"footnotes":""},"class_list":["post-5277","page","type-page","status-publish","hentry"],"acf":[],"_links":{"self":[{"href":"https:\/\/sapekahomes.cz\/en\/wp-json\/wp\/v2\/pages\/5277","targetHints":{"allow":["GET"]}}],"collection":[{"href":"https:\/\/sapekahomes.cz\/en\/wp-json\/wp\/v2\/pages"}],"about":[{"href":"https:\/\/sapekahomes.cz\/en\/wp-json\/wp\/v2\/types\/page"}],"author":[{"embeddable":true,"href":"https:\/\/sapekahomes.cz\/en\/wp-json\/wp\/v2\/users\/1"}],"replies":[{"embeddable":true,"href":"https:\/\/sapekahomes.cz\/en\/wp-json\/wp\/v2\/comments?post=5277"}],"version-history":[{"count":0,"href":"https:\/\/sapekahomes.cz\/en\/wp-json\/wp\/v2\/pages\/5277\/revisions"}],"wp:attachment":[{"href":"https:\/\/sapekahomes.cz\/en\/wp-json\/wp\/v2\/media?parent=5277"}],"curies":[{"name":"wp","href":"https:\/\/api.w.org\/{rel}","templated":true}]}}